{"id":4705,"date":"2022-03-03T10:10:10","date_gmt":"2022-03-03T10:10:10","guid":{"rendered":"https:\/\/clinicadafarma-cia.pt\/google-review\/"},"modified":"2022-04-12T13:42:24","modified_gmt":"2022-04-12T13:42:24","slug":"testimonies","status":"publish","type":"page","link":"https:\/\/clinicadafarma-cia.pt\/en\/testimonies\/","title":{"rendered":"Testimonies"},"content":{"rendered":"[vc_row type=&#8221;in_container&#8221; full_screen_row_position=&#8221;middle&#8221; column_margin=&#8221;default&#8221; column_direction=&#8221;default&#8221; column_direction_tablet=&#8221;default&#8221; column_direction_phone=&#8221;default&#8221; scene_position=&#8221;center&#8221; text_color=&#8221;dark&#8221; text_align=&#8221;left&#8221; row_border_radius=&#8221;none&#8221; row_border_radius_applies=&#8221;bg&#8221; overlay_strength=&#8221;0.3&#8243; gradient_direction=&#8221;left_to_right&#8221; shape_divider_position=&#8221;bottom&#8221; bg_image_animation=&#8221;none&#8221; shape_type=&#8221;&#8221;][vc_column column_padding=&#8221;no-extra-padding&#8221; column_padding_tablet=&#8221;inherit&#8221; column_padding_phone=&#8221;inherit&#8221; column_padding_position=&#8221;all&#8221; column_element_spacing=&#8221;default&#8221; background_color_opacity=&#8221;1&#8243; background_hover_color_opacity=&#8221;1&#8243; column_shadow=&#8221;none&#8221; column_border_radius=&#8221;none&#8221; column_link_target=&#8221;_self&#8221; gradient_direction=&#8221;left_to_right&#8221; overlay_strength=&#8221;0.3&#8243; width=&#8221;1\/1&#8243; tablet_width_inherit=&#8221;default&#8221; tablet_text_alignment=&#8221;default&#8221; phone_text_alignment=&#8221;default&#8221; bg_image_animation=&#8221;none&#8221; border_type=&#8221;simple&#8221; column_border_width=&#8221;none&#8221; column_border_style=&#8221;solid&#8221;][vc_custom_heading text=&#8221;Testimonies&#8221; font_container=&#8221;tag:h2|font_size:70|text_align:left|line_height:1em&#8221; use_theme_fonts=&#8221;yes&#8221; el_class=&#8221;blue&#8221; css=&#8221;.vc_custom_1649693205749{margin-bottom: 30px !important;}&#8221;][vc_column_text]        <div class=\"wp-gr wpac\" data-id=\"4674\" data-layout=\"slider\" data-exec=\"false\" data-options='{\"text_size\":\"\",\"trans\":{\"read more\":\"read more\"}}'><div class=\"grw-row grw-row-m\" data-options='{\"speed\":3,\"autoplay\":true,\"mousestop\":true,\"breakpoints\":\"\"}'><div class=\"grw-content\"><div class=\"grw-content-inner\"><div class=\"grw-btns grw-prev\" tabindex=\"0\"><svg viewBox=\"0 0 24 24\" role=\"none\"><path d=\"M14.6,18.4L8.3,12l6.4-6.4l0.7,0.7L9.7,12l5.6,5.6L14.6,18.4z\"><\/path><\/svg><\/div><div class=\"grw-reviews\" data-count=\"4\" data-offset=\"4\"><div class=\"grw-review\"><div class=\"grw-review-inner grw-backgnd\"><div class=\"wp-google-left\"><img loading=\"lazy\" decoding=\"async\" src=\"https:\/\/lh3.googleusercontent.com\/a-\/AOh14GhQ0o3KDHLoPC49-2BVDC0UbmgaheqW8xjZUpzgPw=s56-c0x00000000-cc-rp-mo\" loading=\"lazy\" class=\"grw-review-avatar\" alt=\"\" width=\"50\" height=\"50\" onerror=\"if(this.src!='https:\/\/clinicadafarma-cia.pt\/wp-content\/plugins\/widget-google-reviews\/assets\/img\/guest.png')this.src='https:\/\/clinicadafarma-cia.pt\/wp-content\/plugins\/widget-google-reviews\/assets\/img\/guest.png';\" ><a href=\"https:\/\/www.google.com\/maps\/contrib\/111370587485053527781\/reviews\" class=\"wp-google-name\" target=\"_blank\" rel=\"nofollow noopener\" aria-label=\"Google user profile\">In\u00eas Larcher<\/a><div class=\"wp-google-time\" data-time=\"1645627845\">14:50 23 Feb 22<\/div><\/div><div class=\"wp-google-stars\"><span class=\"wp-stars\"><span class=\"wp-star\"><svg width=\"17\" height=\"17\" viewBox=\"0 0 1792 1792\" role=\"none\"><path d=\"M1728 647q0 22-26 48l-363 354 86 500q1 7 1 20 0 21-10.5 35.5t-30.5 14.5q-19 0-40-12l-449-236-449 236q-22 12-40 12-21 0-31.5-14.5t-10.5-35.5q0-6 2-20l86-500-364-354q-25-27-25-48 0-37 56-46l502-73 225-455q19-41 49-41t49 41l225 455 502 73q56 9 56 46z\" fill=\"#fb8e28\"><\/path><\/svg><\/span><span class=\"wp-star\"><svg width=\"17\" height=\"17\" viewBox=\"0 0 1792 1792\" role=\"none\"><path d=\"M1728 647q0 22-26 48l-363 354 86 500q1 7 1 20 0 21-10.5 35.5t-30.5 14.5q-19 0-40-12l-449-236-449 236q-22 12-40 12-21 0-31.5-14.5t-10.5-35.5q0-6 2-20l86-500-364-354q-25-27-25-48 0-37 56-46l502-73 225-455q19-41 49-41t49 41l225 455 502 73q56 9 56 46z\" fill=\"#fb8e28\"><\/path><\/svg><\/span><span class=\"wp-star\"><svg width=\"17\" height=\"17\" viewBox=\"0 0 1792 1792\" role=\"none\"><path d=\"M1728 647q0 22-26 48l-363 354 86 500q1 7 1 20 0 21-10.5 35.5t-30.5 14.5q-19 0-40-12l-449-236-449 236q-22 12-40 12-21 0-31.5-14.5t-10.5-35.5q0-6 2-20l86-500-364-354q-25-27-25-48 0-37 56-46l502-73 225-455q19-41 49-41t49 41l225 455 502 73q56 9 56 46z\" fill=\"#fb8e28\"><\/path><\/svg><\/span><span class=\"wp-star\"><svg width=\"17\" height=\"17\" viewBox=\"0 0 1792 1792\" role=\"none\"><path d=\"M1728 647q0 22-26 48l-363 354 86 500q1 7 1 20 0 21-10.5 35.5t-30.5 14.5q-19 0-40-12l-449-236-449 236q-22 12-40 12-21 0-31.5-14.5t-10.5-35.5q0-6 2-20l86-500-364-354q-25-27-25-48 0-37 56-46l502-73 225-455q19-41 49-41t49 41l225 455 502 73q56 9 56 46z\" fill=\"#fb8e28\"><\/path><\/svg><\/span><span class=\"wp-star\"><svg width=\"17\" height=\"17\" viewBox=\"0 0 1792 1792\" role=\"none\"><path d=\"M1728 647q0 22-26 48l-363 354 86 500q1 7 1 20 0 21-10.5 35.5t-30.5 14.5q-19 0-40-12l-449-236-449 236q-22 12-40 12-21 0-31.5-14.5t-10.5-35.5q0-6 2-20l86-500-364-354q-25-27-25-48 0-37 56-46l502-73 225-455q19-41 49-41t49 41l225 455 502 73q56 9 56 46z\" fill=\"#fb8e28\"><\/path><\/svg><\/span><\/span><\/div><div><div class=\"wp-google-feedback\" ><span class=\"wp-google-text\" tabindex=\"0\">A experi\u00eancia que tivemos n\u00e3o podia ter sido melhor. Muito profissionais, competentes e sempre dispon\u00edveis. Parab\u00e9ns!<\/span><\/div><\/div><svg viewBox=\"0 0 512 512\" height=\"18\" width=\"18\" role=\"none\"><g fill=\"none\" fill-rule=\"evenodd\"><path d=\"M482.56 261.36c0-16.73-1.5-32.83-4.29-48.27H256v91.29h127.01c-5.47 29.5-22.1 54.49-47.09 71.23v59.21h76.27c44.63-41.09 70.37-101.59 70.37-173.46z\" fill=\"#4285f4\"\/><path d=\"M256 492c63.72 0 117.14-21.13 156.19-57.18l-76.27-59.21c-21.13 14.16-48.17 22.53-79.92 22.53-61.47 0-113.49-41.51-132.05-97.3H45.1v61.15c38.83 77.13 118.64 130.01 210.9 130.01z\" fill=\"#34a853\"\/><path d=\"M123.95 300.84c-4.72-14.16-7.4-29.29-7.4-44.84s2.68-30.68 7.4-44.84V150.01H45.1C29.12 181.87 20 217.92 20 256c0 38.08 9.12 74.13 25.1 105.99l78.85-61.15z\" fill=\"#fbbc05\"\/><path d=\"M256 113.86c34.65 0 65.76 11.91 90.22 35.29l67.69-67.69C373.03 43.39 319.61 20 256 20c-92.25 0-172.07 52.89-210.9 130.01l78.85 61.15c18.56-55.78 70.59-97.3 132.05-97.3z\" fill=\"#ea4335\"\/><path d=\"M20 20h472v472H20V20z\"\/><\/g><\/svg><\/div><\/div><div class=\"grw-review\"><div class=\"grw-review-inner grw-backgnd\"><div class=\"wp-google-left\"><img loading=\"lazy\" decoding=\"async\" src=\"https:\/\/lh3.googleusercontent.com\/a-\/AOh14Gggj2Q1Efg161OzQBFR-9_i0gmGPlvMvM82q_5BLA=s56-c0x00000000-cc-rp-mo\" loading=\"lazy\" class=\"grw-review-avatar\" alt=\"\" width=\"50\" height=\"50\" onerror=\"if(this.src!='https:\/\/clinicadafarma-cia.pt\/wp-content\/plugins\/widget-google-reviews\/assets\/img\/guest.png')this.src='https:\/\/clinicadafarma-cia.pt\/wp-content\/plugins\/widget-google-reviews\/assets\/img\/guest.png';\" ><a href=\"https:\/\/www.google.com\/maps\/contrib\/102087427536352235404\/reviews\" class=\"wp-google-name\" target=\"_blank\" rel=\"nofollow noopener\" aria-label=\"Google user profile\">Hugo Nogueira<\/a><div class=\"wp-google-time\" data-time=\"1643912027\">18:13 03 Feb 22<\/div><\/div><div class=\"wp-google-stars\"><span class=\"wp-stars\"><span class=\"wp-star\"><svg width=\"17\" height=\"17\" viewBox=\"0 0 1792 1792\" role=\"none\"><path d=\"M1728 647q0 22-26 48l-363 354 86 500q1 7 1 20 0 21-10.5 35.5t-30.5 14.5q-19 0-40-12l-449-236-449 236q-22 12-40 12-21 0-31.5-14.5t-10.5-35.5q0-6 2-20l86-500-364-354q-25-27-25-48 0-37 56-46l502-73 225-455q19-41 49-41t49 41l225 455 502 73q56 9 56 46z\" fill=\"#fb8e28\"><\/path><\/svg><\/span><span class=\"wp-star\"><svg width=\"17\" height=\"17\" viewBox=\"0 0 1792 1792\" role=\"none\"><path d=\"M1728 647q0 22-26 48l-363 354 86 500q1 7 1 20 0 21-10.5 35.5t-30.5 14.5q-19 0-40-12l-449-236-449 236q-22 12-40 12-21 0-31.5-14.5t-10.5-35.5q0-6 2-20l86-500-364-354q-25-27-25-48 0-37 56-46l502-73 225-455q19-41 49-41t49 41l225 455 502 73q56 9 56 46z\" fill=\"#fb8e28\"><\/path><\/svg><\/span><span class=\"wp-star\"><svg width=\"17\" height=\"17\" viewBox=\"0 0 1792 1792\" role=\"none\"><path d=\"M1728 647q0 22-26 48l-363 354 86 500q1 7 1 20 0 21-10.5 35.5t-30.5 14.5q-19 0-40-12l-449-236-449 236q-22 12-40 12-21 0-31.5-14.5t-10.5-35.5q0-6 2-20l86-500-364-354q-25-27-25-48 0-37 56-46l502-73 225-455q19-41 49-41t49 41l225 455 502 73q56 9 56 46z\" fill=\"#fb8e28\"><\/path><\/svg><\/span><span class=\"wp-star\"><svg width=\"17\" height=\"17\" viewBox=\"0 0 1792 1792\" role=\"none\"><path d=\"M1728 647q0 22-26 48l-363 354 86 500q1 7 1 20 0 21-10.5 35.5t-30.5 14.5q-19 0-40-12l-449-236-449 236q-22 12-40 12-21 0-31.5-14.5t-10.5-35.5q0-6 2-20l86-500-364-354q-25-27-25-48 0-37 56-46l502-73 225-455q19-41 49-41t49 41l225 455 502 73q56 9 56 46z\" fill=\"#fb8e28\"><\/path><\/svg><\/span><span class=\"wp-star\"><svg width=\"17\" height=\"17\" viewBox=\"0 0 1792 1792\" role=\"none\"><path d=\"M1728 647q0 22-26 48l-363 354 86 500q1 7 1 20 0 21-10.5 35.5t-30.5 14.5q-19 0-40-12l-449-236-449 236q-22 12-40 12-21 0-31.5-14.5t-10.5-35.5q0-6 2-20l86-500-364-354q-25-27-25-48 0-37 56-46l502-73 225-455q19-41 49-41t49 41l225 455 502 73q56 9 56 46z\" fill=\"#fb8e28\"><\/path><\/svg><\/span><\/span><\/div><div><div class=\"wp-google-feedback\" ><span class=\"wp-google-text\" tabindex=\"0\">A equipa da Cl\u00ednica da Farma&cia \u00e9 bastante atenciosa e preocupa-se em resolver as preocupa\u00e7\u00f5es e atender aos pedidos dos seus clientes<\/span><\/div><\/div><svg viewBox=\"0 0 512 512\" height=\"18\" width=\"18\" role=\"none\"><g fill=\"none\" fill-rule=\"evenodd\"><path d=\"M482.56 261.36c0-16.73-1.5-32.83-4.29-48.27H256v91.29h127.01c-5.47 29.5-22.1 54.49-47.09 71.23v59.21h76.27c44.63-41.09 70.37-101.59 70.37-173.46z\" fill=\"#4285f4\"\/><path d=\"M256 492c63.72 0 117.14-21.13 156.19-57.18l-76.27-59.21c-21.13 14.16-48.17 22.53-79.92 22.53-61.47 0-113.49-41.51-132.05-97.3H45.1v61.15c38.83 77.13 118.64 130.01 210.9 130.01z\" fill=\"#34a853\"\/><path d=\"M123.95 300.84c-4.72-14.16-7.4-29.29-7.4-44.84s2.68-30.68 7.4-44.84V150.01H45.1C29.12 181.87 20 217.92 20 256c0 38.08 9.12 74.13 25.1 105.99l78.85-61.15z\" fill=\"#fbbc05\"\/><path d=\"M256 113.86c34.65 0 65.76 11.91 90.22 35.29l67.69-67.69C373.03 43.39 319.61 20 256 20c-92.25 0-172.07 52.89-210.9 130.01l78.85 61.15c18.56-55.78 70.59-97.3 132.05-97.3z\" fill=\"#ea4335\"\/><path d=\"M20 20h472v472H20V20z\"\/><\/g><\/svg><\/div><\/div><div class=\"grw-review\"><div class=\"grw-review-inner grw-backgnd\"><div class=\"wp-google-left\"><img loading=\"lazy\" decoding=\"async\" src=\"https:\/\/lh3.googleusercontent.com\/a\/AATXAJwbWIrJ0-77VPoZ2uDLR_US6n42AUs2BkN2DxdS=s56-c0x00000000-cc-rp-mo\" loading=\"lazy\" class=\"grw-review-avatar\" alt=\"\" width=\"50\" height=\"50\" onerror=\"if(this.src!='https:\/\/clinicadafarma-cia.pt\/wp-content\/plugins\/widget-google-reviews\/assets\/img\/guest.png')this.src='https:\/\/clinicadafarma-cia.pt\/wp-content\/plugins\/widget-google-reviews\/assets\/img\/guest.png';\" ><a href=\"https:\/\/www.google.com\/maps\/contrib\/102802303722064458008\/reviews\" class=\"wp-google-name\" target=\"_blank\" rel=\"nofollow noopener\" aria-label=\"Google user profile\">Andr\u00e9 Filipe Vieira Pereira<\/a><div class=\"wp-google-time\" data-time=\"1643279690\">10:34 27 Jan 22<\/div><\/div><div class=\"wp-google-stars\"><span class=\"wp-stars\"><span class=\"wp-star\"><svg width=\"17\" height=\"17\" viewBox=\"0 0 1792 1792\" role=\"none\"><path d=\"M1728 647q0 22-26 48l-363 354 86 500q1 7 1 20 0 21-10.5 35.5t-30.5 14.5q-19 0-40-12l-449-236-449 236q-22 12-40 12-21 0-31.5-14.5t-10.5-35.5q0-6 2-20l86-500-364-354q-25-27-25-48 0-37 56-46l502-73 225-455q19-41 49-41t49 41l225 455 502 73q56 9 56 46z\" fill=\"#fb8e28\"><\/path><\/svg><\/span><span class=\"wp-star\"><svg width=\"17\" height=\"17\" viewBox=\"0 0 1792 1792\" role=\"none\"><path d=\"M1728 647q0 22-26 48l-363 354 86 500q1 7 1 20 0 21-10.5 35.5t-30.5 14.5q-19 0-40-12l-449-236-449 236q-22 12-40 12-21 0-31.5-14.5t-10.5-35.5q0-6 2-20l86-500-364-354q-25-27-25-48 0-37 56-46l502-73 225-455q19-41 49-41t49 41l225 455 502 73q56 9 56 46z\" fill=\"#fb8e28\"><\/path><\/svg><\/span><span class=\"wp-star\"><svg width=\"17\" height=\"17\" viewBox=\"0 0 1792 1792\" role=\"none\"><path d=\"M1728 647q0 22-26 48l-363 354 86 500q1 7 1 20 0 21-10.5 35.5t-30.5 14.5q-19 0-40-12l-449-236-449 236q-22 12-40 12-21 0-31.5-14.5t-10.5-35.5q0-6 2-20l86-500-364-354q-25-27-25-48 0-37 56-46l502-73 225-455q19-41 49-41t49 41l225 455 502 73q56 9 56 46z\" fill=\"#fb8e28\"><\/path><\/svg><\/span><span class=\"wp-star\"><svg width=\"17\" height=\"17\" viewBox=\"0 0 1792 1792\" role=\"none\"><path d=\"M1728 647q0 22-26 48l-363 354 86 500q1 7 1 20 0 21-10.5 35.5t-30.5 14.5q-19 0-40-12l-449-236-449 236q-22 12-40 12-21 0-31.5-14.5t-10.5-35.5q0-6 2-20l86-500-364-354q-25-27-25-48 0-37 56-46l502-73 225-455q19-41 49-41t49 41l225 455 502 73q56 9 56 46z\" fill=\"#fb8e28\"><\/path><\/svg><\/span><span class=\"wp-star\"><svg width=\"17\" height=\"17\" viewBox=\"0 0 1792 1792\" role=\"none\"><path d=\"M1728 647q0 22-26 48l-363 354 86 500q1 7 1 20 0 21-10.5 35.5t-30.5 14.5q-19 0-40-12l-449-236-449 236q-22 12-40 12-21 0-31.5-14.5t-10.5-35.5q0-6 2-20l86-500-364-354q-25-27-25-48 0-37 56-46l502-73 225-455q19-41 49-41t49 41l225 455 502 73q56 9 56 46z\" fill=\"#fb8e28\"><\/path><\/svg><\/span><\/span><\/div><div><div class=\"wp-google-feedback\" ><span class=\"wp-google-text\" tabindex=\"0\">Atendimento muito acolhedor, um espa\u00e7o muito saud\u00e1vel e inovador.Desejo de l\u00e1 voltar para usufruir dos vossos servi\u00e7os, de qualidade, novamente.<\/span><\/div><\/div><svg viewBox=\"0 0 512 512\" height=\"18\" width=\"18\" role=\"none\"><g fill=\"none\" fill-rule=\"evenodd\"><path d=\"M482.56 261.36c0-16.73-1.5-32.83-4.29-48.27H256v91.29h127.01c-5.47 29.5-22.1 54.49-47.09 71.23v59.21h76.27c44.63-41.09 70.37-101.59 70.37-173.46z\" fill=\"#4285f4\"\/><path d=\"M256 492c63.72 0 117.14-21.13 156.19-57.18l-76.27-59.21c-21.13 14.16-48.17 22.53-79.92 22.53-61.47 0-113.49-41.51-132.05-97.3H45.1v61.15c38.83 77.13 118.64 130.01 210.9 130.01z\" fill=\"#34a853\"\/><path d=\"M123.95 300.84c-4.72-14.16-7.4-29.29-7.4-44.84s2.68-30.68 7.4-44.84V150.01H45.1C29.12 181.87 20 217.92 20 256c0 38.08 9.12 74.13 25.1 105.99l78.85-61.15z\" fill=\"#fbbc05\"\/><path d=\"M256 113.86c34.65 0 65.76 11.91 90.22 35.29l67.69-67.69C373.03 43.39 319.61 20 256 20c-92.25 0-172.07 52.89-210.9 130.01l78.85 61.15c18.56-55.78 70.59-97.3 132.05-97.3z\" fill=\"#ea4335\"\/><path d=\"M20 20h472v472H20V20z\"\/><\/g><\/svg><\/div><\/div><div class=\"grw-review\"><div class=\"grw-review-inner grw-backgnd\"><div class=\"wp-google-left\"><img loading=\"lazy\" decoding=\"async\" src=\"https:\/\/lh3.googleusercontent.com\/a\/AATXAJz2ampqewAUtR0wqeGpUvfJWGD7wZv3adck6sEt=s56-c0x00000000-cc-rp-mo\" loading=\"lazy\" class=\"grw-review-avatar\" alt=\"\" width=\"50\" height=\"50\" onerror=\"if(this.src!='https:\/\/clinicadafarma-cia.pt\/wp-content\/plugins\/widget-google-reviews\/assets\/img\/guest.png')this.src='https:\/\/clinicadafarma-cia.pt\/wp-content\/plugins\/widget-google-reviews\/assets\/img\/guest.png';\" ><a href=\"https:\/\/www.google.com\/maps\/contrib\/107820910658966060450\/reviews\" class=\"wp-google-name\" target=\"_blank\" rel=\"nofollow noopener\" aria-label=\"Google user profile\">Rita da Silva Jos\u00e9<\/a><div class=\"wp-google-time\" data-time=\"1642067545\">09:52 13 Jan 22<\/div><\/div><div class=\"wp-google-stars\"><span class=\"wp-stars\"><span class=\"wp-star\"><svg width=\"17\" height=\"17\" viewBox=\"0 0 1792 1792\" role=\"none\"><path d=\"M1728 647q0 22-26 48l-363 354 86 500q1 7 1 20 0 21-10.5 35.5t-30.5 14.5q-19 0-40-12l-449-236-449 236q-22 12-40 12-21 0-31.5-14.5t-10.5-35.5q0-6 2-20l86-500-364-354q-25-27-25-48 0-37 56-46l502-73 225-455q19-41 49-41t49 41l225 455 502 73q56 9 56 46z\" fill=\"#fb8e28\"><\/path><\/svg><\/span><span class=\"wp-star\"><svg width=\"17\" height=\"17\" viewBox=\"0 0 1792 1792\" role=\"none\"><path d=\"M1728 647q0 22-26 48l-363 354 86 500q1 7 1 20 0 21-10.5 35.5t-30.5 14.5q-19 0-40-12l-449-236-449 236q-22 12-40 12-21 0-31.5-14.5t-10.5-35.5q0-6 2-20l86-500-364-354q-25-27-25-48 0-37 56-46l502-73 225-455q19-41 49-41t49 41l225 455 502 73q56 9 56 46z\" fill=\"#fb8e28\"><\/path><\/svg><\/span><span class=\"wp-star\"><svg width=\"17\" height=\"17\" viewBox=\"0 0 1792 1792\" role=\"none\"><path d=\"M1728 647q0 22-26 48l-363 354 86 500q1 7 1 20 0 21-10.5 35.5t-30.5 14.5q-19 0-40-12l-449-236-449 236q-22 12-40 12-21 0-31.5-14.5t-10.5-35.5q0-6 2-20l86-500-364-354q-25-27-25-48 0-37 56-46l502-73 225-455q19-41 49-41t49 41l225 455 502 73q56 9 56 46z\" fill=\"#fb8e28\"><\/path><\/svg><\/span><span class=\"wp-star\"><svg width=\"17\" height=\"17\" viewBox=\"0 0 1792 1792\" role=\"none\"><path d=\"M1728 647q0 22-26 48l-363 354 86 500q1 7 1 20 0 21-10.5 35.5t-30.5 14.5q-19 0-40-12l-449-236-449 236q-22 12-40 12-21 0-31.5-14.5t-10.5-35.5q0-6 2-20l86-500-364-354q-25-27-25-48 0-37 56-46l502-73 225-455q19-41 49-41t49 41l225 455 502 73q56 9 56 46z\" fill=\"#fb8e28\"><\/path><\/svg><\/span><span class=\"wp-star\"><svg width=\"17\" height=\"17\" viewBox=\"0 0 1792 1792\" role=\"none\"><path d=\"M1728 647q0 22-26 48l-363 354 86 500q1 7 1 20 0 21-10.5 35.5t-30.5 14.5q-19 0-40-12l-449-236-449 236q-22 12-40 12-21 0-31.5-14.5t-10.5-35.5q0-6 2-20l86-500-364-354q-25-27-25-48 0-37 56-46l502-73 225-455q19-41 49-41t49 41l225 455 502 73q56 9 56 46z\" fill=\"#fb8e28\"><\/path><\/svg><\/span><\/span><\/div><div><div class=\"wp-google-feedback\" ><span class=\"wp-google-text\" tabindex=\"0\">Espa\u00e7o super agrad\u00e1vel e bastante acolhedor.Colaboradores muito simp\u00e1ticos e prest\u00e1veis.Eu e a minha fam\u00edlia test\u00e1mos aqui, 1 crian\u00e7a + 2 adultos, fomos atendidos \u00e0 hora marcada, correu tudo como previsto e os colaboradores explicaram tudo acerca da entrega dos resultados. Antig\u00e9nio n\u00e3o ligaram, logo o resultado foi negativo, o certificado apareceu horas depois na app e o resultado do PCR foi comunicado 3dias depois. Problema geral no pa\u00eds j\u00e1 que os laborat\u00f3rios n\u00e3o conseguem dar resposta \u00e0 quantidade de testes que s\u00e3o efetuados de norte a sul.A voltar de certeza \ud83d\ude42<\/span><\/div><\/div><svg viewBox=\"0 0 512 512\" height=\"18\" width=\"18\" role=\"none\"><g fill=\"none\" fill-rule=\"evenodd\"><path d=\"M482.56 261.36c0-16.73-1.5-32.83-4.29-48.27H256v91.29h127.01c-5.47 29.5-22.1 54.49-47.09 71.23v59.21h76.27c44.63-41.09 70.37-101.59 70.37-173.46z\" fill=\"#4285f4\"\/><path d=\"M256 492c63.72 0 117.14-21.13 156.19-57.18l-76.27-59.21c-21.13 14.16-48.17 22.53-79.92 22.53-61.47 0-113.49-41.51-132.05-97.3H45.1v61.15c38.83 77.13 118.64 130.01 210.9 130.01z\" fill=\"#34a853\"\/><path d=\"M123.95 300.84c-4.72-14.16-7.4-29.29-7.4-44.84s2.68-30.68 7.4-44.84V150.01H45.1C29.12 181.87 20 217.92 20 256c0 38.08 9.12 74.13 25.1 105.99l78.85-61.15z\" fill=\"#fbbc05\"\/><path d=\"M256 113.86c34.65 0 65.76 11.91 90.22 35.29l67.69-67.69C373.03 43.39 319.61 20 256 20c-92.25 0-172.07 52.89-210.9 130.01l78.85 61.15c18.56-55.78 70.59-97.3 132.05-97.3z\" fill=\"#ea4335\"\/><path d=\"M20 20h472v472H20V20z\"\/><\/g><\/svg><\/div><\/div><\/div><div class=\"grw-btns grw-next\" tabindex=\"0\"><svg viewBox=\"0 0 24 24\" role=\"none\"><path d=\"M9.4,18.4l-0.7-0.7l5.6-5.6L8.6,6.4l0.7-0.7l6.4,6.4L9.4,18.4z\"><\/path><\/svg><\/div><div class=\"rpi-dots-wrap\"><div class=\"rpi-dots\"><\/div><\/div><\/div><\/div><\/div><img decoding=\"async\" src=\"data:image\/gif;base64,R0lGODlhAQABAIAAAAAAAP\/\/\/yH5BAEAAAAALAAAAAABAAEAAAIBRAA7\" alt=\"\" onload=\"(function(el, data) {var f = function() { window.grw_init ? grw_init(el, data) : setTimeout(f, 400) }; f() })(this, 'slider');\" width=\"1\" height=\"1\" style=\"display:none\"><\/div>        [\/vc_column_text][\/vc_column][\/vc_row]\n","protected":false},"excerpt":{"rendered":"<p>[vc_row type=&#8221;in_container&#8221; full_screen_row_position=&#8221;middle&#8221; column_margin=&#8221;default&#8221; column_direction=&#8221;default&#8221; column_direction_tablet=&#8221;default&#8221; column_direction_phone=&#8221;default&#8221; scene_position=&#8221;center&#8221; text_color=&#8221;dark&#8221; text_align=&#8221;left&#8221; row_border_radius=&#8221;none&#8221; row_border_radius_applies=&#8221;bg&#8221; overlay_strength=&#8221;0.3&#8243; gradient_direction=&#8221;left_to_right&#8221; shape_divider_position=&#8221;bottom&#8221; bg_image_animation=&#8221;none&#8221; shape_type=&#8221;&#8221;][vc_column column_padding=&#8221;no-extra-padding&#8221; column_padding_tablet=&#8221;inherit&#8221; column_padding_phone=&#8221;inherit&#8221; column_padding_position=&#8221;all&#8221; column_element_spacing=&#8221;default&#8221; background_color_opacity=&#8221;1&#8243; background_hover_color_opacity=&#8221;1&#8243; column_shadow=&#8221;none&#8221; column_border_radius=&#8221;none&#8221; column_link_target=&#8221;_self&#8221; gradient_direction=&#8221;left_to_right&#8221; overlay_strength=&#8221;0.3&#8243; width=&#8221;1\/1&#8243;&#8230;<\/p>\n","protected":false},"author":1,"featured_media":0,"parent":0,"menu_order":0,"comment_status":"closed","ping_status":"closed","template":"page-testemunhos.php","meta":{"_acf_changed":false,"inline_featured_image":false,"footnotes":""},"class_list":["post-4705","page","type-page","status-publish"],"acf":[],"aioseo_notices":[],"_links":{"self":[{"href":"https:\/\/clinicadafarma-cia.pt\/en\/wp-json\/wp\/v2\/pages\/4705","targetHints":{"allow":["GET"]}}],"collection":[{"href":"https:\/\/clinicadafarma-cia.pt\/en\/wp-json\/wp\/v2\/pages"}],"about":[{"href":"https:\/\/clinicadafarma-cia.pt\/en\/wp-json\/wp\/v2\/types\/page"}],"author":[{"embeddable":true,"href":"https:\/\/clinicadafarma-cia.pt\/en\/wp-json\/wp\/v2\/users\/1"}],"replies":[{"embeddable":true,"href":"https:\/\/clinicadafarma-cia.pt\/en\/wp-json\/wp\/v2\/comments?post=4705"}],"version-history":[{"count":2,"href":"https:\/\/clinicadafarma-cia.pt\/en\/wp-json\/wp\/v2\/pages\/4705\/revisions"}],"predecessor-version":[{"id":4707,"href":"https:\/\/clinicadafarma-cia.pt\/en\/wp-json\/wp\/v2\/pages\/4705\/revisions\/4707"}],"wp:attachment":[{"href":"https:\/\/clinicadafarma-cia.pt\/en\/wp-json\/wp\/v2\/media?parent=4705"}],"curies":[{"name":"wp","href":"https:\/\/api.w.org\/{rel}","templated":true}]}}